{"id":61,"date":"2018-04-14T19:04:11","date_gmt":"2018-04-14T17:04:11","guid":{"rendered":"http:\/\/www.sana-terapia.pl\/?page_id=61"},"modified":"2023-06-25T22:49:16","modified_gmt":"2023-06-25T20:49:16","slug":"gdzie-przyjmuje","status":"publish","type":"page","link":"https:\/\/www.sana-terapia.pl\/?page_id=61","title":{"rendered":"Gdzie przyjmuj\u0119?"},"content":{"rendered":"<p>Przyjmuj\u0119 pacjent\u00f3w w gabinecie przy ul. D\u0105browskiego 17\/2, w Katowicach.<\/p>\n","protected":false},"excerpt":{"rendered":"<p>Przyjmuj\u0119 pacjent\u00f3w w gabinecie przy ul. D\u0105browskiego 17\/2, w Katowicach.<\/p>\n","protected":false},"author":1,"featured_media":0,"parent":0,"menu_order":7,"comment_status":"closed","ping_status":"closed","template":"","meta":[],"_links":{"self":[{"href":"https:\/\/www.sana-terapia.pl\/index.php?rest_route=\/wp\/v2\/pages\/61"}],"collection":[{"href":"https:\/\/www.sana-terapia.pl\/index.php?rest_route=\/wp\/v2\/pages"}],"about":[{"href":"https:\/\/www.sana-terapia.pl\/index.php?rest_route=\/wp\/v2\/types\/page"}],"author":[{"embeddable":true,"href":"https:\/\/www.sana-terapia.pl\/index.php?rest_route=\/wp\/v2\/users\/1"}],"replies":[{"embeddable":true,"href":"https:\/\/www.sana-terapia.pl\/index.php?rest_route=%2Fwp%2Fv2%2Fcomments&post=61"}],"version-history":[{"count":8,"href":"https:\/\/www.sana-terapia.pl\/index.php?rest_route=\/wp\/v2\/pages\/61\/revisions"}],"predecessor-version":[{"id":100,"href":"https:\/\/www.sana-terapia.pl\/index.php?rest_route=\/wp\/v2\/pages\/61\/revisions\/100"}],"wp:attachment":[{"href":"https:\/\/www.sana-terapia.pl\/index.php?rest_route=%2Fwp%2Fv2%2Fmedia&parent=61"}],"curies":[{"name":"wp","href":"https:\/\/api.w.org\/{rel}","templated":true}]}}