{"id":30,"date":"2016-04-24T20:24:53","date_gmt":"2016-04-24T18:24:53","guid":{"rendered":"http:\/\/www.sana-terapia.pl\/?page_id=30"},"modified":"2023-06-25T22:49:25","modified_gmt":"2023-06-25T20:49:25","slug":"kontakt","status":"publish","type":"page","link":"https:\/\/www.sana-terapia.pl\/?page_id=30","title":{"rendered":"Kontakt"},"content":{"rendered":"<p>Telefon: 697084032<br \/>\nJe\u015bli nie odbieram, prosz\u0119 o sms. Oddzwoni\u0119 w najbli\u017cszym mo\u017cliwym czasie.<\/p>\n<p>Mail:<br \/>\nan.gawlik@gmail.com<\/p>\n","protected":false},"excerpt":{"rendered":"<p>Telefon: 697084032 Je\u015bli nie odbieram, prosz\u0119 o sms. Oddzwoni\u0119 w najbli\u017cszym mo\u017cliwym czasie. Mail: an.gawlik@gmail.com<\/p>\n","protected":false},"author":1,"featured_media":0,"parent":0,"menu_order":8,"comment_status":"closed","ping_status":"closed","template":"","meta":[],"_links":{"self":[{"href":"https:\/\/www.sana-terapia.pl\/index.php?rest_route=\/wp\/v2\/pages\/30"}],"collection":[{"href":"https:\/\/www.sana-terapia.pl\/index.php?rest_route=\/wp\/v2\/pages"}],"about":[{"href":"https:\/\/www.sana-terapia.pl\/index.php?rest_route=\/wp\/v2\/types\/page"}],"author":[{"embeddable":true,"href":"https:\/\/www.sana-terapia.pl\/index.php?rest_route=\/wp\/v2\/users\/1"}],"replies":[{"embeddable":true,"href":"https:\/\/www.sana-terapia.pl\/index.php?rest_route=%2Fwp%2Fv2%2Fcomments&post=30"}],"version-history":[{"count":6,"href":"https:\/\/www.sana-terapia.pl\/index.php?rest_route=\/wp\/v2\/pages\/30\/revisions"}],"predecessor-version":[{"id":101,"href":"https:\/\/www.sana-terapia.pl\/index.php?rest_route=\/wp\/v2\/pages\/30\/revisions\/101"}],"wp:attachment":[{"href":"https:\/\/www.sana-terapia.pl\/index.php?rest_route=%2Fwp%2Fv2%2Fmedia&parent=30"}],"curies":[{"name":"wp","href":"https:\/\/api.w.org\/{rel}","templated":true}]}}