{"id":28,"date":"2016-04-24T20:15:41","date_gmt":"2016-04-24T18:15:41","guid":{"rendered":"http:\/\/www.sana-terapia.pl\/?page_id=28"},"modified":"2025-02-01T18:07:35","modified_gmt":"2025-02-01T17:07:35","slug":"o-mnie","status":"publish","type":"page","link":"https:\/\/www.sana-terapia.pl\/","title":{"rendered":"O mnie"},"content":{"rendered":"<p><a href=\"http:\/\/www.sana-terapia.pl\/wp-content\/uploads\/2018\/04\/20180327_132642.jpg\"><img decoding=\"async\" loading=\"lazy\" class=\"size-medium wp-image-65 alignright\" src=\"http:\/\/www.sana-terapia.pl\/wp-content\/uploads\/2018\/04\/20180327_132642-300x169.jpg\" alt=\"\" width=\"300\" height=\"169\" srcset=\"https:\/\/www.sana-terapia.pl\/wp-content\/uploads\/2018\/04\/20180327_132642-300x169.jpg 300w, https:\/\/www.sana-terapia.pl\/wp-content\/uploads\/2018\/04\/20180327_132642-768x432.jpg 768w, https:\/\/www.sana-terapia.pl\/wp-content\/uploads\/2018\/04\/20180327_132642-1024x576.jpg 1024w, https:\/\/www.sana-terapia.pl\/wp-content\/uploads\/2018\/04\/20180327_132642.jpg 1920w\" sizes=\"(max-width: 300px) 100vw, 300px\" \/><\/a><\/p>\n<p>Nazywam si\u0119 Anna Gawlik. Jestem pedagogiem, psychologiem, socjoterapeut\u0105 oraz psychoterapeut\u0105.<\/p>\n<p>Wykszta\u0142cenie pedagogiczne zdoby\u0142am w Kolegium Nauczycielskim w Bytomiu oraz na Uniwersytecie Jagiello\u0144skim w Krakowie, za\u015b wykszta\u0142cenie psychologiczne w Wy\u017cszej Szkole Humanitas.<\/p>\n<p>Uko\u0144czy\u0142am dwuletnie Studium Socjoterapii i Treningu Interpersonalnego oraz czteroletni\u0105 Szko\u0142\u0119 Psychoterapii Psychodynamicznej. Oba szkolenia w Krakowskim Centrum Psychodynamicznym &#8211; atestowanym i rekomendowanym przez Polskie Towarzystwo Psychologiczne.<\/p>\n<p>Jestem certyfikowanym psychoterapeut\u0105 Polskiego Towarzystwa Psychologicznego.<\/p>\n<p>Do\u015bwiadczenie w pracy z dzie\u0107mi i m\u0142odzie\u017c\u0105 zdobywa\u0142am w plac\u00f3wkach opieku\u0144czo \u2013 wychowawczych, prowadz\u0105c zaj\u0119cia profilaktyczne w Centrum Pomocy Osobom Uzale\u017cnionym od Alkoholu i ich Rodzinom, jako kurator ds. rodzinnych i nieletnich.<br \/>\nZ osobami doros\u0142ymi pracuj\u0119 od 2013 r. w CZP Feniks.<\/p>\n<p>Pracuj\u0119 z m\u0142odzie\u017c\u0105 z zaburzeniami rozwoju, emocjonalnymi i zachowania oraz z doros\u0142ymi z zaburzeniami osobowo\u015bci, nerwicowymi, od\u017cywiania, afektywnymi, potraumatycznymi oraz psychotycznymi.<\/p>\n<p>Swoj\u0105 prac\u0119 poddaj\u0119 sta\u0142ej superwizji u superwizor\u00f3w Polskiego Towarzystwa Psychiatrycznego i Polskiego Towarzystwa Psychologicznego.<\/p>\n","protected":false},"excerpt":{"rendered":"<p>Nazywam si\u0119 Anna Gawlik. Jestem pedagogiem, psychologiem, socjoterapeut\u0105 oraz psychoterapeut\u0105. Wykszta\u0142cenie pedagogiczne zdoby\u0142am w Kolegium Nauczycielskim w Bytomiu oraz na Uniwersytecie Jagiello\u0144skim w Krakowie, za\u015b wykszta\u0142cenie psychologiczne w Wy\u017cszej Szkole Humanitas. Uko\u0144czy\u0142am dwuletnie Studium Socjoterapii i Treningu Interpersonalnego oraz czteroletni\u0105 Szko\u0142\u0119 Psychoterapii Psychodynamicznej. Oba szkolenia w Krakowskim Centrum Psychodynamicznym &#8211; atestowanym i rekomendowanym przez Polskie [&hellip;]<\/p>\n","protected":false},"author":1,"featured_media":0,"parent":0,"menu_order":1,"comment_status":"closed","ping_status":"closed","template":"","meta":[],"_links":{"self":[{"href":"https:\/\/www.sana-terapia.pl\/index.php?rest_route=\/wp\/v2\/pages\/28"}],"collection":[{"href":"https:\/\/www.sana-terapia.pl\/index.php?rest_route=\/wp\/v2\/pages"}],"about":[{"href":"https:\/\/www.sana-terapia.pl\/index.php?rest_route=\/wp\/v2\/types\/page"}],"author":[{"embeddable":true,"href":"https:\/\/www.sana-terapia.pl\/index.php?rest_route=\/wp\/v2\/users\/1"}],"replies":[{"embeddable":true,"href":"https:\/\/www.sana-terapia.pl\/index.php?rest_route=%2Fwp%2Fv2%2Fcomments&post=28"}],"version-history":[{"count":7,"href":"https:\/\/www.sana-terapia.pl\/index.php?rest_route=\/wp\/v2\/pages\/28\/revisions"}],"predecessor-version":[{"id":133,"href":"https:\/\/www.sana-terapia.pl\/index.php?rest_route=\/wp\/v2\/pages\/28\/revisions\/133"}],"wp:attachment":[{"href":"https:\/\/www.sana-terapia.pl\/index.php?rest_route=%2Fwp%2Fv2%2Fmedia&parent=28"}],"curies":[{"name":"wp","href":"https:\/\/api.w.org\/{rel}","templated":true}]}}