{"id":15,"date":"2016-04-24T20:05:08","date_gmt":"2016-04-24T18:05:08","guid":{"rendered":"http:\/\/www.sana-terapia.pl\/?page_id=15"},"modified":"2026-01-10T13:12:48","modified_gmt":"2026-01-10T12:12:48","slug":"poradnictwo","status":"publish","type":"page","link":"https:\/\/www.sana-terapia.pl\/?page_id=15","title":{"rendered":"Diagnoza psychologiczna"},"content":{"rendered":"<p>Diagnoza psychologiczna ma charakter przede wszystkim funkcjonalny. Oznacza to, \u017ce nie koncentruje si\u0119 na postawieniu diagnozy nozologicznej, potocznie m\u00f3wi\u0105c &#8222;efki&#8221;, tym zajmuje si\u0119 psychiatra, a na mocnych i s\u0142abych stronach funkcjonowania badanego, szczeg\u00f3lnych trudno\u015bciach, je\u015bli to mo\u017cliwe, r\u00f3wnie\u017c na ich przyczynach. Diagnoza sk\u0142ada si\u0119 z kilku spotka\u0144 (oko\u0142o 5).<\/p>\n<p>Zapraszam na diagnoz\u0119 zaburze\u0144 osobowo\u015bci, afektywnych, potraumatycznych, psychotycznych, trudno\u015bci neurorozwojowych (ADHD) oraz funkcji poznawczych.<\/p>\n<p>Cena za jedno spotkanie<span style=\"font-size: revert; color: initial;\"> \u2013 220<\/span><strong style=\"font-size: revert; color: initial;\">\u00a0z\u0142.<\/strong><\/p>\n","protected":false},"excerpt":{"rendered":"<p>Diagnoza psychologiczna ma charakter przede wszystkim funkcjonalny. Oznacza to, \u017ce nie koncentruje si\u0119 na postawieniu diagnozy nozologicznej, potocznie m\u00f3wi\u0105c &#8222;efki&#8221;, tym zajmuje si\u0119 psychiatra, a na mocnych i s\u0142abych stronach funkcjonowania badanego, szczeg\u00f3lnych trudno\u015bciach, je\u015bli to mo\u017cliwe, r\u00f3wnie\u017c na ich przyczynach. Diagnoza sk\u0142ada si\u0119 z kilku spotka\u0144 (oko\u0142o 5). Zapraszam na diagnoz\u0119 zaburze\u0144 osobowo\u015bci, afektywnych, [&hellip;]<\/p>\n","protected":false},"author":1,"featured_media":0,"parent":0,"menu_order":6,"comment_status":"closed","ping_status":"closed","template":"","meta":[],"_links":{"self":[{"href":"https:\/\/www.sana-terapia.pl\/index.php?rest_route=\/wp\/v2\/pages\/15"}],"collection":[{"href":"https:\/\/www.sana-terapia.pl\/index.php?rest_route=\/wp\/v2\/pages"}],"about":[{"href":"https:\/\/www.sana-terapia.pl\/index.php?rest_route=\/wp\/v2\/types\/page"}],"author":[{"embeddable":true,"href":"https:\/\/www.sana-terapia.pl\/index.php?rest_route=\/wp\/v2\/users\/1"}],"replies":[{"embeddable":true,"href":"https:\/\/www.sana-terapia.pl\/index.php?rest_route=%2Fwp%2Fv2%2Fcomments&post=15"}],"version-history":[{"count":11,"href":"https:\/\/www.sana-terapia.pl\/index.php?rest_route=\/wp\/v2\/pages\/15\/revisions"}],"predecessor-version":[{"id":141,"href":"https:\/\/www.sana-terapia.pl\/index.php?rest_route=\/wp\/v2\/pages\/15\/revisions\/141"}],"wp:attachment":[{"href":"https:\/\/www.sana-terapia.pl\/index.php?rest_route=%2Fwp%2Fv2%2Fmedia&parent=15"}],"curies":[{"name":"wp","href":"https:\/\/api.w.org\/{rel}","templated":true}]}}